{"id":21,"date":"2026-05-11T07:43:59","date_gmt":"2026-05-11T05:43:59","guid":{"rendered":"https:\/\/immolex.kmpsa.net.pl\/?page_id=21"},"modified":"2026-05-11T14:15:00","modified_gmt":"2026-05-11T12:15:00","slug":"o-nas","status":"publish","type":"page","link":"http:\/\/immolex.kmpsa.net.pl\/","title":{"rendered":"O nas"},"content":{"rendered":"\n<p>Witamy na oficjalnej stronie firmy <strong>IMMOLEX DORADCY PRAWNI RYNKU NIERUCHOMO\u015aCI SP\u00d3\u0141KA AKCYJNA<\/strong>.<\/p>\n\n\n\n<p>Sp\u00f3\u0142ka prowadzi dzia\u0142alno\u015b\u0107 w zakresie us\u0142ug finansowych, doradczych oraz obs\u0142ugi rynku nieruchomo\u015bci. Oferujemy wsparcie w pozyskiwaniu finansowania dla przedsi\u0119biorstw, analizie ryzyka oraz szacowaniu strat. Zajmujemy si\u0119 r\u00f3wnie\u017c kupnem, sprzeda\u017c\u0105 i po\u015brednictwem w obrocie nieruchomo\u015bciami, a tak\u017ce kompleksow\u0105 obs\u0142ug\u0105 rynku nieruchomo\u015bci. Dodatkowo \u015bwiadczymy us\u0142ugi doradztwa podatkowego dla klient\u00f3w biznesowych.<\/p>\n","protected":false},"excerpt":{"rendered":"<p>Witamy na oficjalnej stronie firmy IMMOLEX DORADCY PRAWNI RYNKU NIERUCHOMO\u015aCI SP\u00d3\u0141KA AKCYJNA. Sp\u00f3\u0142ka prowadzi dzia\u0142alno\u015b\u0107 w zakresie us\u0142ug finansowych, doradczych oraz obs\u0142ugi rynku nieruchomo\u015bci. Oferujemy wsparcie w pozyskiwaniu finansowania dla przedsi\u0119biorstw, analizie ryzyka oraz szacowaniu strat. Zajmujemy si\u0119 r\u00f3wnie\u017c kupnem, sprzeda\u017c\u0105 i po\u015brednictwem w obrocie nieruchomo\u015bciami, a tak\u017ce kompleksow\u0105 obs\u0142ug\u0105 rynku nieruchomo\u015bci. Dodatkowo \u015bwiadczymy us\u0142ugi [&hellip;]<\/p>\n","protected":false},"author":1,"featured_media":0,"parent":0,"menu_order":0,"comment_status":"closed","ping_status":"closed","template":"","meta":{"footnotes":""},"class_list":["post-21","page","type-page","status-publish","hentry"],"_links":{"self":[{"href":"http:\/\/immolex.kmpsa.net.pl\/index.php?rest_route=\/wp\/v2\/pages\/21","targetHints":{"allow":["GET"]}}],"collection":[{"href":"http:\/\/immolex.kmpsa.net.pl\/index.php?rest_route=\/wp\/v2\/pages"}],"about":[{"href":"http:\/\/immolex.kmpsa.net.pl\/index.php?rest_route=\/wp\/v2\/types\/page"}],"author":[{"embeddable":true,"href":"http:\/\/immolex.kmpsa.net.pl\/index.php?rest_route=\/wp\/v2\/users\/1"}],"replies":[{"embeddable":true,"href":"http:\/\/immolex.kmpsa.net.pl\/index.php?rest_route=%2Fwp%2Fv2%2Fcomments&post=21"}],"version-history":[{"count":3,"href":"http:\/\/immolex.kmpsa.net.pl\/index.php?rest_route=\/wp\/v2\/pages\/21\/revisions"}],"predecessor-version":[{"id":28,"href":"http:\/\/immolex.kmpsa.net.pl\/index.php?rest_route=\/wp\/v2\/pages\/21\/revisions\/28"}],"wp:attachment":[{"href":"http:\/\/immolex.kmpsa.net.pl\/index.php?rest_route=%2Fwp%2Fv2%2Fmedia&parent=21"}],"curies":[{"name":"wp","href":"https:\/\/api.w.org\/{rel}","templated":true}]}}